{"id":8,"date":"2023-03-28T09:30:17","date_gmt":"2023-03-28T15:30:17","guid":{"rendered":"https:\/\/marca-gehn.info\/?page_id=8"},"modified":"2024-09-18T03:57:28","modified_gmt":"2024-09-18T09:57:28","slug":"marca-gehn","status":"publish","type":"page","link":"https:\/\/marca-gehn.info\/en\/","title":{"rendered":""},"content":{"rendered":"<figure class=\"wp-block-image size-large\"><img loading=\"lazy\" decoding=\"async\" width=\"1024\" height=\"724\" src=\"https:\/\/marca-gehn.info\/wp-content\/uploads\/2024\/09\/IMax_v2-1024x724.png\" alt=\"\" class=\"wp-image-199\" srcset=\"https:\/\/marca-gehn.info\/wp-content\/uploads\/2024\/09\/IMax_v2-1024x724.png 1024w, https:\/\/marca-gehn.info\/wp-content\/uploads\/2024\/09\/IMax_v2-300x212.png 300w, https:\/\/marca-gehn.info\/wp-content\/uploads\/2024\/09\/IMax_v2-768x543.png 768w, https:\/\/marca-gehn.info\/wp-content\/uploads\/2024\/09\/IMax_v2-1536x1086.png 1536w, https:\/\/marca-gehn.info\/wp-content\/uploads\/2024\/09\/IMax_v2-2048x1448.png 2048w, https:\/\/marca-gehn.info\/wp-content\/uploads\/2024\/09\/IMax_v2-18x12.png 18w\" sizes=\"auto, (max-width: 1024px) 100vw, 1024px\" \/><figcaption class=\"wp-element-caption\">Maximum intensity map, attributed to the historical determinism method. Representation obtained from data available in MARCA-GEHN v2.0.<\/figcaption><\/figure>\n\n\n\n<p>In the frame of the activities of the RIESCA Project (Proyecto de formaci\u00f3n aplicada a los Escenarios de Riesgo con la vigilancia y monitoreo de los fen\u00f3menos volc\u00e1nicos, s\u00edsmicos e hidrogeol\u00f3gicos en Am\u00e9rica Central) we built up a prototypal archive of macroseismic data points for the Central America countries involved in the project, namely, Guatemala, El Salvador, Honduras and Nicaragua (GEHN).<\/p>\n\n\n\n<p>The archive is the first transnational collection of Macroseismic Data Point (MDP), established for mapping the effects of some damaging events, and from discovering the seismic history of several Central America sites.<\/p>\n\n\n\n<p>The latest version (Release 2.0, lastly modified on february 2023) contains:<\/p>\n\n\n\n<ul class=\"wp-block-list\">\n<li>A reference earthquakes list derived from previously published catalogues.<\/li>\n\n\n\n<li>Alrededor de 2167 observaciones macros\u00edsmicas, referente a 67 eventos seleccionados.<\/li>\n\n\n\n<li>The seismic histories of about 1110 localities.<\/li>\n<\/ul>\n\n\n\n<p>Search and data download capabilities are also provided. More information is available in a pdf description file.<\/p>","protected":false},"excerpt":{"rendered":"<p>En el marco de las actividades del Proyecto RIESCA (Proyecto de formaci\u00f3n aplicada a los Escenarios de Riesgo con la vigilancia y monitoreo de los fen\u00f3menos&#46;&#46;&#46;<\/p>","protected":false},"author":1,"featured_media":0,"parent":0,"menu_order":0,"comment_status":"closed","ping_status":"closed","template":"","meta":{"footnotes":""},"class_list":["post-8","page","type-page","status-publish","hentry"],"_links":{"self":[{"href":"https:\/\/marca-gehn.info\/en\/wp-json\/wp\/v2\/pages\/8","targetHints":{"allow":["GET"]}}],"collection":[{"href":"https:\/\/marca-gehn.info\/en\/wp-json\/wp\/v2\/pages"}],"about":[{"href":"https:\/\/marca-gehn.info\/en\/wp-json\/wp\/v2\/types\/page"}],"author":[{"embeddable":true,"href":"https:\/\/marca-gehn.info\/en\/wp-json\/wp\/v2\/users\/1"}],"replies":[{"embeddable":true,"href":"https:\/\/marca-gehn.info\/en\/wp-json\/wp\/v2\/comments?post=8"}],"version-history":[{"count":24,"href":"https:\/\/marca-gehn.info\/en\/wp-json\/wp\/v2\/pages\/8\/revisions"}],"predecessor-version":[{"id":234,"href":"https:\/\/marca-gehn.info\/en\/wp-json\/wp\/v2\/pages\/8\/revisions\/234"}],"wp:attachment":[{"href":"https:\/\/marca-gehn.info\/en\/wp-json\/wp\/v2\/media?parent=8"}],"curies":[{"name":"wp","href":"https:\/\/api.w.org\/{rel}","templated":true}]}}